{"id":10,"date":"2025-02-14T23:25:14","date_gmt":"2025-02-14T22:25:14","guid":{"rendered":"https:\/\/elrecomendado.com\/?page_id=10"},"modified":"2025-08-27T06:33:13","modified_gmt":"2025-08-27T11:33:13","slug":"inicio","status":"publish","type":"page","link":"https:\/\/elrecomendado.com\/","title":{"rendered":"Inicio"},"content":{"rendered":"\n<div id=\"top\" style=\"position: relative; top: -80px;\"><\/div>\n\n\n\n<div class=\"inherit-container-width wp-block-group alignwide has-background is-layout-constrained wp-block-group-is-layout-constrained\" style=\"background:linear-gradient(35deg,rgb(6,0,151) 0%,rgb(130,4,255) 73%,rgb(193,15,255) 100%);padding-top:var(--wp--preset--spacing--70);padding-bottom:var(--wp--preset--spacing--70)\">\n<div class=\"wp-block-media-text alignwide has-media-on-the-right is-stacked-on-mobile is-vertically-aligned-center\" style=\"grid-template-columns:auto 43%\"><div class=\"wp-block-media-text__content\">\n<h1 class=\"wp-block-heading has-text-align-left has-white-color has-text-color\" id=\"inicio\">Tu eliges,                     nosotros recomendamos<\/h1>\n\n\n\n<p class=\"has-white-color has-text-color has-medium-font-size\" style=\"margin-top:0;margin-bottom:0\">Las noticias y servicios m\u00e1s relevantes de M\u00e9xico, organizados por categor\u00eda para que tomes las mejores decisiones. Encuentra, compara y elige con confianza. \u00a1Tu mejor opci\u00f3n empieza aqu\u00ed!<\/p>\n\n\n\n<p><\/p>\n\n\n\n<div class=\"wp-block-buttons is-layout-flex wp-block-buttons-is-layout-flex\">\n<div class=\"wp-block-button\"><a class=\"wp-block-button__link wp-element-button\" href=\"https:\/\/elrecomendado.com\/?page_id=478\">\u00danete a nuestra comunidad<\/a><\/div>\n<\/div>\n<\/div><figure class=\"wp-block-media-text__media\"><img decoding=\"async\" src=\"https:\/\/elrecomendado.com\/wp-content\/themes\/astra\/inc\/assets\/images\/starter-content\/hero-img.svg\" alt=\"\" class=\"wp-image-118 size-full\"\/><\/figure><\/div>\n<\/div>\n\n\n\n<div class=\"wp-block-group alignfull has-white-background-color has-background is-layout-constrained wp-block-group-is-layout-constrained\" style=\"margin-top:var(--wp--preset--spacing--50);margin-bottom:var(--wp--preset--spacing--50);padding-bottom:0px\">\n<div class=\"wp-block-columns are-vertically-aligned-top is-layout-flex wp-container-core-columns-is-layout-00723822 wp-block-columns-is-layout-flex\">\n<div class=\"wp-block-column is-vertically-aligned-top is-layout-flow wp-container-core-column-is-layout-6b73ce23 wp-block-column-is-layout-flow\">\n<figure class=\"wp-block-image size-full is-resized\"><img loading=\"lazy\" decoding=\"async\" width=\"640\" height=\"640\" src=\"https:\/\/elrecomendado.com\/wp-content\/uploads\/2025\/02\/pizarra-1.gif\" alt=\"\" class=\"wp-image-123\" style=\"width:51px;height:auto\"\/><\/figure>\n\n\n\n<h3 class=\"wp-block-heading has-text-align-left has-medium-font-size\" style=\"margin-top:16px\">Estudiamos el mercado<\/h3>\n\n\n\n<p class=\"has-text-align-left\">Elegimos y desarrollamos las noticias mas relevantes y \u00faltimas para crear contenido de valor.<\/p>\n<\/div>\n\n\n\n<div class=\"wp-block-column is-vertically-aligned-top is-layout-flow wp-container-core-column-is-layout-6b73ce23 wp-block-column-is-layout-flow\">\n<figure class=\"wp-block-image size-full is-resized\"><img loading=\"lazy\" decoding=\"async\" width=\"640\" height=\"640\" src=\"https:\/\/elrecomendado.com\/wp-content\/uploads\/2025\/02\/lista.gif\" alt=\"\" class=\"wp-image-126\" style=\"width:47px;height:auto\"\/><\/figure>\n\n\n\n<h3 class=\"wp-block-heading has-text-align-left has-medium-font-size\" style=\"margin-top:16px\">Ordenamos la informaci\u00f3n<\/h3>\n\n\n\n<p class=\"has-text-align-left\">Agrupamos la informaci\u00f3n por tem\u00e1ticas para que la encuentres de forma sencilla.<\/p>\n<\/div>\n\n\n\n<div class=\"wp-block-column is-vertically-aligned-top is-layout-flow wp-container-core-column-is-layout-6b73ce23 wp-block-column-is-layout-flow\">\n<figure class=\"wp-block-image size-full is-resized\"><img loading=\"lazy\" decoding=\"async\" width=\"640\" height=\"640\" src=\"https:\/\/elrecomendado.com\/wp-content\/uploads\/2025\/02\/duda.gif\" alt=\"\" class=\"wp-image-127\" style=\"width:51px;height:auto\"\/><\/figure>\n\n\n\n<h3 class=\"wp-block-heading has-text-align-left has-medium-font-size\" style=\"margin-top:16px\">Ayudamos a decidirte<\/h3>\n\n\n\n<p class=\"has-text-align-left\">Inform\u00e1ndote y comparando opciones para que tomes la mejor decisi\u00f3n.<\/p>\n<\/div>\n\n\n\n<div class=\"wp-block-column is-vertically-aligned-top is-layout-flow wp-container-core-column-is-layout-6b73ce23 wp-block-column-is-layout-flow\">\n<figure class=\"wp-block-image size-full is-resized\"><img loading=\"lazy\" decoding=\"async\" width=\"640\" height=\"640\" src=\"https:\/\/elrecomendado.com\/wp-content\/uploads\/2025\/02\/mensaje.gif\" alt=\"\" class=\"wp-image-124\" style=\"width:47px;height:auto\"\/><\/figure>\n\n\n\n<h3 class=\"wp-block-heading has-text-align-left has-medium-font-size\" style=\"margin-top:16px\">Te enviamos las \u00faltimas novedades<\/h3>\n\n\n\n<p class=\"has-text-align-left\">Suscr\u00edbete y se el primero en enterarte de las recomendaciones m\u00e1s novedosas.<\/p>\n<\/div>\n<\/div>\n<\/div>\n\n\n\n<div class=\"wp-block-group alignwide has-ast-global-color-5-background-color has-background is-layout-constrained wp-container-core-group-is-layout-39cc3526 wp-block-group-is-layout-constrained\" id=\"Categor\u00edas\" style=\"margin-top:0;margin-bottom:0;padding-top:17px;padding-bottom:105px\">\n<h2 class=\"wp-block-heading has-text-align-center\" style=\"font-size:30px\">Nuestras categor\u00edas<\/h2>\n\n\n\n<div class=\"wp-block-columns is-layout-flex wp-container-core-columns-is-layout-60cbf9bb wp-block-columns-is-layout-flex\" style=\"margin-top:50px\">\n<div class=\"wp-block-column is-layout-flow wp-container-core-column-is-layout-6b73ce23 wp-block-column-is-layout-flow\">\n<figure class=\"wp-block-image size-full is-style-default\"><a href=\"https:\/\/elrecomendado.com\/?cat=5\"><img loading=\"lazy\" decoding=\"async\" width=\"600\" height=\"600\" src=\"https:\/\/elrecomendado.com\/wp-content\/uploads\/2025\/02\/1.png\" alt=\"\" class=\"wp-image-150\" srcset=\"https:\/\/elrecomendado.com\/wp-content\/uploads\/2025\/02\/1.png 600w, https:\/\/elrecomendado.com\/wp-content\/uploads\/2025\/02\/1-300x300.png 300w, https:\/\/elrecomendado.com\/wp-content\/uploads\/2025\/02\/1-150x150.png 150w\" sizes=\"auto, (max-width: 600px) 100vw, 600px\" \/><\/a><\/figure>\n\n\n\n<p class=\"has-text-align-left\" style=\"font-size:16px\"><br>Si eres de los que no puede vivir sin el rugir de un motor, <strong>Motorman\u00eda <\/strong>es para ti. Te traemos todo lo que necesitas saber: \u00faltimas noticias, rese\u00f1as y consejos para que est\u00e9s siempre a la vanguardia. \u00a1Ponle el pie al acelerador y acomp\u00e1\u00f1anos! \ud83d\ude97\ud83d\udca8<\/p>\n\n\n\n<div class=\"wp-block-buttons is-content-justification-center is-layout-flex wp-container-core-buttons-is-layout-a89b3969 wp-block-buttons-is-layout-flex\">\n<div class=\"wp-block-button\"><a class=\"wp-block-button__link wp-element-button\" href=\"https:\/\/elrecomendado.com\/?page_id=345\">Motorman\u00eda <\/a><\/div>\n<\/div>\n<\/div>\n\n\n\n<div class=\"wp-block-column is-layout-flow wp-container-core-column-is-layout-6b73ce23 wp-block-column-is-layout-flow\">\n<figure class=\"wp-block-image size-full\"><img loading=\"lazy\" decoding=\"async\" width=\"600\" height=\"600\" src=\"https:\/\/elrecomendado.com\/wp-content\/uploads\/2025\/02\/2.png\" alt=\"\" class=\"wp-image-151\" srcset=\"https:\/\/elrecomendado.com\/wp-content\/uploads\/2025\/02\/2.png 600w, https:\/\/elrecomendado.com\/wp-content\/uploads\/2025\/02\/2-300x300.png 300w, https:\/\/elrecomendado.com\/wp-content\/uploads\/2025\/02\/2-150x150.png 150w\" sizes=\"auto, (max-width: 600px) 100vw, 600px\" \/><\/figure>\n\n\n\n<p class=\"has-text-align-left\" style=\"font-size:16px\"><br>\u00bfEst\u00e1s listo para tu pr\u00f3xima aventura? En <strong>Destino Perfecto<\/strong> te acercamos los alojamientos m\u00e1s top y las mejores ofertas en destinos y aerol\u00edneas, para que viajar sea lo m\u00e1s f\u00e1cil del mundo. <br>\u00a1El destino ideal te espera! \ud83c\udf0d\u2708\ufe0f<\/p>\n\n\n\n<div class=\"wp-block-buttons is-content-justification-center is-layout-flex wp-container-core-buttons-is-layout-a89b3969 wp-block-buttons-is-layout-flex\">\n<div class=\"wp-block-button\"><a class=\"wp-block-button__link wp-element-button\" href=\"https:\/\/elrecomendado.com\/?page_id=844\">Destino Perfecto<\/a><\/div>\n<\/div>\n<\/div>\n\n\n\n<div class=\"wp-block-column is-layout-flow wp-container-core-column-is-layout-6b73ce23 wp-block-column-is-layout-flow\">\n<figure class=\"wp-block-image size-full\"><img loading=\"lazy\" decoding=\"async\" width=\"600\" height=\"600\" src=\"https:\/\/elrecomendado.com\/wp-content\/uploads\/2025\/02\/ae5514fbb245f2ffe8a9bfe321885c64.jpg\" alt=\"\" class=\"wp-image-144\" srcset=\"https:\/\/elrecomendado.com\/wp-content\/uploads\/2025\/02\/ae5514fbb245f2ffe8a9bfe321885c64.jpg 600w, https:\/\/elrecomendado.com\/wp-content\/uploads\/2025\/02\/ae5514fbb245f2ffe8a9bfe321885c64-300x300.jpg 300w, https:\/\/elrecomendado.com\/wp-content\/uploads\/2025\/02\/ae5514fbb245f2ffe8a9bfe321885c64-150x150.jpg 150w\" sizes=\"auto, (max-width: 600px) 100vw, 600px\" \/><\/figure>\n\n\n\n<p class=\"has-text-align-left\" style=\"font-size:16px\"><br>En <strong>Aseguramos<\/strong> te ense\u00f1amos a elegir lo que realmente necesitas. Sabemos que no todos los seguros son iguales, por eso te guiamos paso a paso para que contrates lo mejor para ti.<br>\u00danete para proteger lo que m\u00e1s importa\ud83d\udee1\ufe0f<\/p>\n\n\n\n<div class=\"wp-block-buttons is-content-justification-center is-layout-flex wp-container-core-buttons-is-layout-a89b3969 wp-block-buttons-is-layout-flex\">\n<div class=\"wp-block-button\"><a class=\"wp-block-button__link wp-element-button\" href=\"https:\/\/elrecomendado.com\/?cat=9\">Aseguramos<\/a><\/div>\n<\/div>\n<\/div>\n<\/div>\n<\/div>\n\n\n\n<h2 class=\"wp-block-heading has-text-align-center\" style=\"font-size:30px\">\u00bfEres una empresa? Tambi\u00e9n tenemos espacio para ti<\/h2>\n\n\n\n<div class=\"wp-block-columns alignwide are-vertically-aligned-center is-layout-flex wp-container-core-columns-is-layout-0806ab5c wp-block-columns-is-layout-flex\" style=\"margin-top:var(--wp--preset--spacing--30);margin-bottom:var(--wp--preset--spacing--30)\">\n<div class=\"wp-block-column is-vertically-aligned-center is-layout-constrained wp-block-column-is-layout-constrained\">\n<figure class=\"wp-block-image aligncenter\"><img decoding=\"async\" src=\"https:\/\/elrecomendado.com\/wp-content\/themes\/astra\/inc\/assets\/images\/starter-content\/about-us.jpg\" alt=\"\" class=\"wp-image-237\"\/><\/figure>\n<\/div>\n\n\n\n<div class=\"wp-block-column is-vertically-aligned-center is-layout-flow wp-block-column-is-layout-flow\" style=\"flex-basis:50%\">\n<div class=\"wp-block-columns is-layout-flex wp-container-core-columns-is-layout-28f84493 wp-block-columns-is-layout-flex\">\n<div class=\"wp-block-column is-layout-flow wp-block-column-is-layout-flow\" style=\"flex-basis:100%\">\n<div class=\"wp-block-group is-content-justification-space-between is-nowrap is-layout-flex wp-container-core-group-is-layout-033c6a5f wp-block-group-is-layout-flex\" style=\"padding-right:80px\">\n<div class=\"wp-block-group is-layout-constrained wp-block-group-is-layout-constrained\">\n<div class=\"wp-block-group alignwide is-horizontal is-content-justification-center is-layout-flex wp-container-core-group-is-layout-4f6f85ca wp-block-group-is-layout-flex\">\n<p class=\"has-text-align-left\">Defendemos que <strong>la publicidad no es solo un espacio: es una experiencia con prop\u00f3sito.<\/strong> Creemos firmemente que cada mensaje, cada acci\u00f3n y cada campa\u00f1a deben tener un impacto real. <\/p>\n\n\n\n<p class=\"has-text-align-left\"><strong>Nuestra misi\u00f3n<\/strong> es dise\u00f1ar experiencias que no solo capturen la atenci\u00f3n, sino que tambi\u00e9n aporten <strong>valor<\/strong>, generen <strong>confianza <\/strong>y fomenten <strong>relaciones duraderas<\/strong> entre las marcas y sus consumidores.<\/p>\n\n\n\n<p class=\"has-text-align-left\">Nos asociamos con empresas que comparten nuestros principios de integridad, responsabilidad y compromiso con la calidad.  Estas reconocidas marcas ya han elegido formar parte de <strong>nuestra comunidad<\/strong>:<\/p>\n\n\n\n<p class=\"has-text-align-center\" style=\"font-size:0px\"><br><img loading=\"lazy\" decoding=\"async\" width=\"600\" height=\"298\" class=\"wp-image-473\" style=\"width: 600px;\" src=\"https:\/\/elrecomendado.com\/wp-content\/uploads\/2025\/04\/Captura_de_pantalla_grayscale.png\" alt=\"\" srcset=\"https:\/\/elrecomendado.com\/wp-content\/uploads\/2025\/04\/Captura_de_pantalla_grayscale.png 788w, https:\/\/elrecomendado.com\/wp-content\/uploads\/2025\/04\/Captura_de_pantalla_grayscale-300x149.png 300w, https:\/\/elrecomendado.com\/wp-content\/uploads\/2025\/04\/Captura_de_pantalla_grayscale-768x381.png 768w\" sizes=\"auto, (max-width: 600px) 100vw, 600px\" \/><\/p>\n<\/div>\n<\/div>\n<\/div>\n<\/div>\n<\/div>\n<\/div>\n<\/div>\n\n\n\n<div class=\"wp-block-group alignwide has-ast-global-color-5-background-color has-background is-layout-constrained wp-container-core-group-is-layout-2e3adb0f wp-block-group-is-layout-constrained\" id=\"whyus\" style=\"min-height:0px;margin-top:var(--wp--preset--spacing--50);margin-bottom:var(--wp--preset--spacing--50);padding-top:0px;padding-bottom:0px\">\n<p class=\"has-text-align-center\">Los pilares que definen nuestro trabajo son:<\/p>\n\n\n\n<div class=\"wp-block-columns is-layout-flex wp-container-core-columns-is-layout-e80ef8ca wp-block-columns-is-layout-flex\" style=\"margin-top:0px\">\n<div class=\"wp-block-column is-layout-flow wp-container-core-column-is-layout-6b73ce23 wp-block-column-is-layout-flow\">\n<h3 class=\"wp-block-heading has-text-align-center\" style=\"margin-top:16px;font-size:20px\">Pasi\u00f3n\ud83d\udd25<\/h3>\n\n\n\n<p class=\"has-text-align-center\">Nos gusta hacer las cosas bien y con ganas. Nos aseguramos de traerte informaci\u00f3n \u00fatil y confiable porque sabemos que tomar buenas decisiones hace la diferencia.<\/p>\n<\/div>\n\n\n\n<div class=\"wp-block-column is-layout-flow wp-container-core-column-is-layout-6b73ce23 wp-block-column-is-layout-flow\">\n<h3 class=\"wp-block-heading has-text-align-center\" style=\"margin-top:16px;font-size:20px\">Profesionalidad \ud83c\udfaf<\/h3>\n\n\n\n<p class=\"has-text-align-center\">Aqu\u00ed no hay improvisaciones. Seleccionamos cada noticia, servicio y anunciante con rigor y transparencia para ofrecerte solo lo mejor, sin rodeos.<\/p>\n<\/div>\n\n\n\n<div class=\"wp-block-column is-layout-flow wp-container-core-column-is-layout-6b73ce23 wp-block-column-is-layout-flow\">\n<h3 class=\"wp-block-heading has-text-align-center has-medium-font-size\" style=\"margin-top:16px\">Brindar la mejor atenci\u00f3n \ud83e\udd1d<\/h3>\n\n\n\n<p class=\"has-text-align-center\">Nos importa cada usuario y cada cliente. Te atendemos con rapidez y cercan\u00eda, siempre listos para resolverte y asegurarnos de que tengas la mejor experiencia.<\/p>\n<\/div>\n<\/div>\n\n\n\n<p class=\"has-text-align-center\" style=\"font-size:18px\"><\/p>\n\n\n\n<div style=\"height:50px\" aria-hidden=\"true\" class=\"wp-block-spacer\"><\/div>\n\n\n\n<p class=\"has-text-align-center\">Y ahora, <strong>\u00bfte animas a anunciarte con nosotros? <\/strong>D\u00e9janos tu contacto y te contamos c\u00f3mo podemos aportarles valor.<\/p>\n\n\n\n<div class=\"wp-block-buttons is-content-justification-center is-layout-flex wp-container-core-buttons-is-layout-48d0e691 wp-block-buttons-is-layout-flex\" style=\"margin-top:var(--wp--preset--spacing--60);margin-bottom:var(--wp--preset--spacing--60)\">\n<div class=\"wp-block-button\"><a class=\"wp-block-button__link has-text-align-center wp-element-button\" href=\"https:\/\/elrecomendado.com\/?page_id=501\">Contacto empresas<\/a><\/div>\n<\/div>\n<\/div>\n\n\n\n<div class=\"wp-block-group alignfull has-background has-medium-font-size is-layout-constrained wp-container-core-group-is-layout-abba3a89 wp-block-group-is-layout-constrained\" id=\"contact\" style=\"background:linear-gradient(35deg,rgb(6,0,151) 0%,rgb(130,4,255) 64%,rgb(193,15,255) 98%);margin-top:0;margin-bottom:0;padding-top:63px;padding-bottom:63px\">\n<h5 class=\"wp-block-heading alignwide has-text-align-center has-text-color\" id=\"newsletter\" style=\"color:#ffffff;font-size:17px\"><strong><a href=\"https:\/\/elrecomendado.com\/?page_id=478\" data-type=\"page\" data-id=\"478\"><mark style=\"background-color:rgba(0, 0, 0, 0)\" class=\"has-inline-color has-ast-global-color-1-color\">Suscr\u00edbete a nuestra newsletter<\/mark><\/a><mark style=\"background-color:rgba(0, 0, 0, 0);color:#fcb900\" class=\"has-inline-color\"> <\/mark>y recibe las actualizaciones m\u00e1s importantes directamente en tu correo.<\/strong><\/h5>\n<\/div>\n\n\n\n<div class=\"wp-block-group alignfull has-background-color has-white-color has-black-background-color has-text-color has-background has-link-color wp-elements-16a8c863128905d452789912bfca1485 is-vertical is-content-justification-stretch is-layout-flex wp-container-core-group-is-layout-26be9a7e wp-block-group-is-layout-flex\" style=\"min-height:32vh;margin-top:0;margin-bottom:0;padding-top:0;padding-right:0;padding-bottom:0;padding-left:0\">\n<div class=\"wp-block-columns alignwide has-small-font-size is-layout-flex wp-container-core-columns-is-layout-28f84493 wp-block-columns-is-layout-flex\">\n<div class=\"wp-block-column is-layout-flow wp-block-column-is-layout-flow\">\n<p class=\"has-text-align-center\"><br><strong> \u200b\u00bfD\u00f3nde estamos?<br><\/strong> <strong>\ud83d\udccd<\/strong>Tlaxcala 173 (Hip\u00f3dromo Condesa) &#8211; Ciudad de M\u00e9xico<br><strong>\ud83d\udccd<\/strong> 2434 Fenton St Ste 300, Chula Vista, CA 91914, Estados Unidos<\/p>\n<\/div>\n\n\n\n<div class=\"wp-block-column is-layout-flow wp-block-column-is-layout-flow\">\n<p class=\"has-text-align-center\"><a href=\"#top\"><img loading=\"lazy\" decoding=\"async\" width=\"200\" height=\"67\" class=\"wp-image-42\" style=\"width: 200px;\" src=\"https:\/\/elrecomendado.com\/wp-content\/uploads\/2025\/02\/elRecomendado-removebg-preview.png\" alt=\"\" srcset=\"https:\/\/elrecomendado.com\/wp-content\/uploads\/2025\/02\/elRecomendado-removebg-preview.png 300w, https:\/\/elrecomendado.com\/wp-content\/uploads\/2025\/02\/elRecomendado-removebg-preview-250x83.png 250w\" sizes=\"auto, (max-width: 200px) 100vw, 200px\" \/><\/a><br> info@elrecomendado.com<\/p>\n\n\n\n<div style=\"height:24px\" aria-hidden=\"true\" class=\"wp-block-spacer\"><\/div>\n<\/div>\n\n\n\n<div class=\"wp-block-column is-layout-flow wp-block-column-is-layout-flow\">\n<div class=\"wp-block-group is-vertical is-content-justification-center is-layout-flex wp-container-core-group-is-layout-0e868306 wp-block-group-is-layout-flex\">\n<p><br><a href=\"https:\/\/feebbodigital.com\/files_int\/iso\/POLITICA_DE_CALIDAD_ed2.pdf\">Pol\u00edtica de calidad<\/a><br><a href=\"https:\/\/feebbodigital.com\/politica-de-privacidad.html\" data-type=\"link\" data-id=\"https:\/\/feebbodigital.com\/politica-de-privacidad.html\" target=\"_blank\" rel=\"noreferrer noopener\">Pol\u00edtica de privacidad<\/a><br><a href=\"https:\/\/feebbodigital.com\/condiciones-de-uso.html\" target=\"_blank\" rel=\"noreferrer noopener\">Condiciones de uso<\/a><\/p>\n\n\n\n<div style=\"height:0px\" aria-hidden=\"true\" class=\"wp-block-spacer wp-container-content-541a6b20\"><\/div>\n<\/div>\n<\/div>\n<\/div>\n<\/div>\n\n\n\n<p><\/p>\n","protected":false},"excerpt":{"rendered":"<p>Tu eliges, nosotros recomendamos Las noticias y servicios m\u00e1s relevantes de M\u00e9xico, organizados por categor\u00eda para que tomes las mejores decisiones. Encuentra, compara y elige con confianza. \u00a1Tu mejor opci\u00f3n empieza aqu\u00ed! Estudiamos el mercado Elegimos y desarrollamos las noticias mas relevantes y \u00faltimas para crear contenido de valor. Ordenamos la informaci\u00f3n Agrupamos la informaci\u00f3n [&hellip;]<\/p>\n","protected":false},"author":1,"featured_media":0,"parent":0,"menu_order":0,"comment_status":"closed","ping_status":"closed","template":"","meta":{"site-sidebar-layout":"no-sidebar","site-content-layout":"plain-container","ast-site-content-layout":"full-width-container","site-content-style":"default","site-sidebar-style":"default","ast-global-header-display":"","ast-banner-title-visibility":"","ast-main-header-display":"","ast-hfb-above-header-display":"","ast-hfb-below-header-display":"","ast-hfb-mobile-header-display":"","site-post-title":"disabled","ast-breadcrumbs-content":"","ast-featured-img":"disabled","footer-sml-layout":"","theme-transparent-header-meta":"enabled","adv-header-id-meta":"","stick-header-meta":"","header-above-stick-meta":"","header-main-stick-meta":"","header-below-stick-meta":"","astra-migrate-meta-layouts":"default","ast-page-background-enabled":"default","ast-page-background-meta":{"desktop":{"background-color":"var(--ast-global-color-5)","background-image":"","background-repeat":"repeat","background-position":"center center","background-size":"auto","background-attachment":"scroll","background-type":"","background-media":"","overlay-type":"","overlay-color":"","overlay-opacity":"","overlay-gradient":""},"tablet":{"background-color":"","background-image":"","background-repeat":"repeat","background-position":"center center","background-size":"auto","background-attachment":"scroll","background-type":"","background-media":"","overlay-type":"","overlay-color":"","overlay-opacity":"","overlay-gradient":""},"mobile":{"background-color":"","background-image":"","background-repeat":"repeat","background-position":"center center","background-size":"auto","background-attachment":"scroll","background-type":"","background-media":"","overlay-type":"","overlay-color":"","overlay-opacity":"","overlay-gradient":""}},"ast-content-background-meta":{"desktop":{"background-color":"var(--ast-global-color-4)","background-image":"","background-repeat":"repeat","background-position":"center center","background-size":"auto","background-attachment":"scroll","background-type":"","background-media":"","overlay-type":"","overlay-color":"","overlay-opacity":"","overlay-gradient":""},"tablet":{"background-color":"var(--ast-global-color-4)","background-image":"","background-repeat":"repeat","background-position":"center center","background-size":"auto","background-attachment":"scroll","background-type":"","background-media":"","overlay-type":"","overlay-color":"","overlay-opacity":"","overlay-gradient":""},"mobile":{"background-color":"var(--ast-global-color-4)","background-image":"","background-repeat":"repeat","background-position":"center center","background-size":"auto","background-attachment":"scroll","background-type":"","background-media":"","overlay-type":"","overlay-color":"","overlay-opacity":"","overlay-gradient":""}},"footnotes":""},"class_list":["post-10","page","type-page","status-publish","hentry"],"_links":{"self":[{"href":"https:\/\/elrecomendado.com\/index.php?rest_route=\/wp\/v2\/pages\/10","targetHints":{"allow":["GET"]}}],"collection":[{"href":"https:\/\/elrecomendado.com\/index.php?rest_route=\/wp\/v2\/pages"}],"about":[{"href":"https:\/\/elrecomendado.com\/index.php?rest_route=\/wp\/v2\/types\/page"}],"author":[{"embeddable":true,"href":"https:\/\/elrecomendado.com\/index.php?rest_route=\/wp\/v2\/users\/1"}],"replies":[{"embeddable":true,"href":"https:\/\/elrecomendado.com\/index.php?rest_route=%2Fwp%2Fv2%2Fcomments&post=10"}],"version-history":[{"count":164,"href":"https:\/\/elrecomendado.com\/index.php?rest_route=\/wp\/v2\/pages\/10\/revisions"}],"predecessor-version":[{"id":953,"href":"https:\/\/elrecomendado.com\/index.php?rest_route=\/wp\/v2\/pages\/10\/revisions\/953"}],"wp:attachment":[{"href":"https:\/\/elrecomendado.com\/index.php?rest_route=%2Fwp%2Fv2%2Fmedia&parent=10"}],"curies":[{"name":"wp","href":"https:\/\/api.w.org\/{rel}","templated":true}]}}